{"id":24,"date":"2011-03-10T13:44:33","date_gmt":"2011-03-10T12:44:33","guid":{"rendered":"http:\/\/toepferei-lattner.ch\/wordpress\/?page_id=24"},"modified":"2015-06-06T17:21:58","modified_gmt":"2015-06-06T15:21:58","slug":"tierisches-geschirr","status":"publish","type":"page","link":"https:\/\/toepferei-lattner.ch\/wordpress\/?page_id=24","title":{"rendered":"Tierisches Geschirr"},"content":{"rendered":"<p>&#8222;Tierisches Geschirr&#8220; steht f\u00fcr Gebrauchskeramik mit Schmunzelfaktor.<\/p>\n<p>Jedes St\u00fcck aus meiner stetig wachsenen Kollektion ist von Hand gearbeitet.<\/p>\n<p>Neben Tassen, Schalen und Tellern mit Tierdekorationen, sind das auch Zettelhalter und andere praktische Dinge.<br \/>\nIdeal als Geschenk oder kleines Mitbringsel, aber nat\u00fcrlich auch, um sich selbst eine Freude zu machen. Der Tag beginnt einfach viel besser, wenn einem am Morgen jemand \u00fcber den Rand der Kaffeetasse zul\u00e4chelt. \ud83d\ude42<\/p>\n<p><a href=\"http:\/\/toepferei-lattner.ch\/wordpress\/wp-content\/uploads\/2011\/03\/hhpferd.jpg\"><img loading=\"lazy\" decoding=\"async\" class=\"aligncenter size-medium wp-image-35\" title=\"hhpferd\" src=\"http:\/\/toepferei-lattner.ch\/wordpress\/wp-content\/uploads\/2011\/03\/hhpferd-289x300.jpg\" alt=\"\" width=\"289\" height=\"300\" srcset=\"https:\/\/toepferei-lattner.ch\/wordpress\/wp-content\/uploads\/2011\/03\/hhpferd-289x300.jpg 289w, https:\/\/toepferei-lattner.ch\/wordpress\/wp-content\/uploads\/2011\/03\/hhpferd.jpg 500w\" sizes=\"auto, (max-width: 289px) 100vw, 289px\" \/><\/a><\/p>\n<p>Hier noch ein paar weitere Bilder meiner Kollektion &#8211; mehr davon finden Sie im Katalog meines <a href=\"http:\/\/www.kerashop.ch\/\" target=\"_blank\">Online-Shops.<\/a><\/p>\n<p><a href=\"http:\/\/toepferei-lattner.ch\/wordpress\/wp-content\/uploads\/2011\/03\/kttitel.jpg\"><img loading=\"lazy\" decoding=\"async\" class=\"alignnone size-medium wp-image-36\" title=\"Kindertasse\" src=\"http:\/\/toepferei-lattner.ch\/wordpress\/wp-content\/uploads\/2011\/03\/kttitel-300x243.jpg\" alt=\"\" width=\"300\" height=\"243\" srcset=\"https:\/\/toepferei-lattner.ch\/wordpress\/wp-content\/uploads\/2011\/03\/kttitel-300x243.jpg 300w, https:\/\/toepferei-lattner.ch\/wordpress\/wp-content\/uploads\/2011\/03\/kttitel.jpg 500w\" sizes=\"auto, (max-width: 300px) 100vw, 300px\" \/><\/a>\u00a0 <a href=\"http:\/\/toepferei-lattner.ch\/wordpress\/wp-content\/uploads\/2011\/03\/ktetitel.jpg\"><img loading=\"lazy\" decoding=\"async\" class=\"alignnone size-medium wp-image-37\" title=\"Kinderteller\" src=\"http:\/\/toepferei-lattner.ch\/wordpress\/wp-content\/uploads\/2011\/03\/ktetitel-300x248.jpg\" alt=\"\" width=\"300\" height=\"248\" srcset=\"https:\/\/toepferei-lattner.ch\/wordpress\/wp-content\/uploads\/2011\/03\/ktetitel-300x248.jpg 300w, https:\/\/toepferei-lattner.ch\/wordpress\/wp-content\/uploads\/2011\/03\/ktetitel.jpg 500w\" sizes=\"auto, (max-width: 300px) 100vw, 300px\" \/><\/a><br \/>\n<a href=\"http:\/\/toepferei-lattner.ch\/wordpress\/wp-content\/uploads\/2011\/03\/tatitel1.jpg\"><img loading=\"lazy\" decoding=\"async\" class=\"alignnone size-medium wp-image-38\" title=\"Tassen mit Tierhenkel\" src=\"http:\/\/toepferei-lattner.ch\/wordpress\/wp-content\/uploads\/2011\/03\/tatitel1-300x296.jpg\" alt=\"\" width=\"300\" height=\"296\" srcset=\"https:\/\/toepferei-lattner.ch\/wordpress\/wp-content\/uploads\/2011\/03\/tatitel1-300x296.jpg 300w, https:\/\/toepferei-lattner.ch\/wordpress\/wp-content\/uploads\/2011\/03\/tatitel1.jpg 500w\" sizes=\"auto, (max-width: 300px) 100vw, 300px\" \/><\/a>\u00a0 <a href=\"http:\/\/toepferei-lattner.ch\/wordpress\/wp-content\/uploads\/2011\/03\/zstitel.jpg\"><img loading=\"lazy\" decoding=\"async\" class=\"alignnone size-medium wp-image-39\" title=\"Zettelhalter mit Stift\" src=\"http:\/\/toepferei-lattner.ch\/wordpress\/wp-content\/uploads\/2011\/03\/zstitel-300x280.jpg\" alt=\"\" width=\"300\" height=\"280\" srcset=\"https:\/\/toepferei-lattner.ch\/wordpress\/wp-content\/uploads\/2011\/03\/zstitel-300x280.jpg 300w, https:\/\/toepferei-lattner.ch\/wordpress\/wp-content\/uploads\/2011\/03\/zstitel.jpg 500w\" sizes=\"auto, (max-width: 300px) 100vw, 300px\" \/><\/a><\/p>\n","protected":false},"excerpt":{"rendered":"<p>&#8222;Tierisches Geschirr&#8220; steht f\u00fcr Gebrauchskeramik mit Schmunzelfaktor. Jedes St\u00fcck aus meiner stetig wachsenen Kollektion ist von Hand gearbeitet. Neben Tassen, Schalen und Tellern mit Tierdekorationen, sind das auch Zettelhalter und andere praktische Dinge. Ideal als Geschenk oder kleines Mitbringsel, aber nat\u00fcrlich auch, um sich selbst eine Freude zu machen. Der Tag beginnt einfach viel besser, &hellip; <a href=\"https:\/\/toepferei-lattner.ch\/wordpress\/?page_id=24\" class=\"more-link\"><span class=\"screen-reader-text\">Tierisches Geschirr<\/span> weiterlesen<\/a><\/p>\n","protected":false},"author":1,"featured_media":0,"parent":0,"menu_order":3,"comment_status":"closed","ping_status":"closed","template":"onecolumn-page.php","meta":{"footnotes":""},"class_list":["post-24","page","type-page","status-publish","hentry"],"_links":{"self":[{"href":"https:\/\/toepferei-lattner.ch\/wordpress\/index.php?rest_route=\/wp\/v2\/pages\/24","targetHints":{"allow":["GET"]}}],"collection":[{"href":"https:\/\/toepferei-lattner.ch\/wordpress\/index.php?rest_route=\/wp\/v2\/pages"}],"about":[{"href":"https:\/\/toepferei-lattner.ch\/wordpress\/index.php?rest_route=\/wp\/v2\/types\/page"}],"author":[{"embeddable":true,"href":"https:\/\/toepferei-lattner.ch\/wordpress\/index.php?rest_route=\/wp\/v2\/users\/1"}],"replies":[{"embeddable":true,"href":"https:\/\/toepferei-lattner.ch\/wordpress\/index.php?rest_route=%2Fwp%2Fv2%2Fcomments&post=24"}],"version-history":[{"count":5,"href":"https:\/\/toepferei-lattner.ch\/wordpress\/index.php?rest_route=\/wp\/v2\/pages\/24\/revisions"}],"predecessor-version":[{"id":425,"href":"https:\/\/toepferei-lattner.ch\/wordpress\/index.php?rest_route=\/wp\/v2\/pages\/24\/revisions\/425"}],"wp:attachment":[{"href":"https:\/\/toepferei-lattner.ch\/wordpress\/index.php?rest_route=%2Fwp%2Fv2%2Fmedia&parent=24"}],"curies":[{"name":"wp","href":"https:\/\/api.w.org\/{rel}","templated":true}]}}