{"id":894,"date":"2018-05-24T22:55:18","date_gmt":"2018-05-24T20:55:18","guid":{"rendered":"http:\/\/toepferei-lattner.ch\/wordpress\/?page_id=894"},"modified":"2018-05-26T09:06:22","modified_gmt":"2018-05-26T07:06:22","slug":"datenschutzerklaerung","status":"publish","type":"page","link":"https:\/\/toepferei-lattner.ch\/wordpress\/?page_id=894","title":{"rendered":"Datenschutzerkl\u00e4rung"},"content":{"rendered":"<div data-contents=\"true\">\n<div class=\"RichTextEditor__block___2Vs_D RichTextEditor__paragraph___3NTf9\" data-block=\"true\" data-editor=\"95vfd\" data-offset-key=\"7fg3q-0-0\">\n<div data-offset-key=\"7fg3q-0-0\">toepferei-lattner.ch\/wordpress ist die Webseite (mit Blog und Informationen) von T\u00f6pferei Lattner<\/div>\n<div class=\"public-DraftStyleDefault-block public-DraftStyleDefault-ltr\" data-offset-key=\"7fg3q-0-0\"><span data-offset-key=\"7fg3q-0-0\">kerashop.ch ist die Shopseite von T\u00f6pferei Lattner<\/span><\/div>\n<div data-offset-key=\"7fg3q-0-0\"><\/div>\n<\/div>\n<div class=\"RichTextEditor__block___2Vs_D RichTextEditor__paragraph___3NTf9\" data-block=\"true\" data-editor=\"95vfd\" data-offset-key=\"4o639-0-0\">\n<div class=\"public-DraftStyleDefault-block public-DraftStyleDefault-ltr\" data-offset-key=\"4o639-0-0\"><span data-offset-key=\"4o639-0-0\">Verantwortlich f\u00fcr den Datenschutz ist Esther Lattner, G\u00fcterstr. 158, 4053 Basel\u00a0<\/span><\/div>\n<div data-offset-key=\"4o639-0-0\"><\/div>\n<\/div>\n<div class=\"RichTextEditor__block___2Vs_D RichTextEditor__paragraph___3NTf9\" data-block=\"true\" data-editor=\"95vfd\" data-offset-key=\"dr39n-0-0\">\n<div class=\"public-DraftStyleDefault-block public-DraftStyleDefault-ltr\" data-offset-key=\"dr39n-0-0\"><span data-offset-key=\"dr39n-0-0\"> Als \u00a0Betreiberin dieser Webseite sch\u00fctze ich Ihre Daten und erhebe keine automatischen, personenbezogenen Daten \u00fcber die Besucher der Webseite.<\/span><\/div>\n<div data-offset-key=\"dr39n-0-0\"><\/div>\n<\/div>\n<div class=\"RichTextEditor__block___2Vs_D RichTextEditor__paragraph___3NTf9\" data-block=\"true\" data-editor=\"95vfd\" data-offset-key=\"d1b6u-0-0\">\n<div class=\"public-DraftStyleDefault-block public-DraftStyleDefault-ltr\" data-offset-key=\"d1b6u-0-0\"><span data-offset-key=\"d1b6u-0-0\"> Bei Bestellungen \u00fcber das Shopsystem (unter kerashop.ch) fallen folgende personenbezogenen Daten an: Name, Adresse, Telefonnummer, Emailadresse.<\/span><\/div>\n<\/div>\n<div class=\"RichTextEditor__block___2Vs_D RichTextEditor__paragraph___3NTf9\" data-block=\"true\" data-editor=\"95vfd\" data-offset-key=\"1diuv-0-0\">\n<div class=\"public-DraftStyleDefault-block public-DraftStyleDefault-ltr\" data-offset-key=\"1diuv-0-0\"><span data-offset-key=\"1diuv-0-0\"> Diese\u00a0Daten werden ben\u00f6tigt f\u00fcr die Abwicklung der Bestellung, des Versandes\u00a0der Ware etc. und werden nach Abschluss des Verkaufs w\u00e4hrend 5 Jahren\u00a0aufbewahrt, jedoch ohne weiter verarbeitet oder weitergegeben zu werden. <\/span><\/div>\n<div class=\"public-DraftStyleDefault-block public-DraftStyleDefault-ltr\" data-offset-key=\"1diuv-0-0\"><span data-offset-key=\"1diuv-0-0\">Bei Kontaktaufnahme via Mail wird Ihre Mailadresse gespeichert und ausschliesslich zur Kommunikation mit Ihnen \u00a0verwendet.<\/span><\/div>\n<div data-offset-key=\"1diuv-0-0\"><\/div>\n<\/div>\n<div class=\"RichTextEditor__block___2Vs_D RichTextEditor__paragraph___3NTf9\" data-block=\"true\" data-editor=\"95vfd\" data-offset-key=\"bo7dt-0-0\">\n<div class=\"public-DraftStyleDefault-block public-DraftStyleDefault-ltr\" data-offset-key=\"bo7dt-0-0\"><span data-offset-key=\"bo7dt-0-0\"> Beim \u00a0Besuch dieser Webseite fallen beim Provider (alfahosting.de f\u00fcr toepferei-lattner.ch und jimdo.com f\u00fcr kerashop.ch) Logfiles an, welche auf den Servern des Providers gespeichert werden. <\/span><\/div>\n<div class=\"public-DraftStyleDefault-block public-DraftStyleDefault-ltr\" data-offset-key=\"bo7dt-0-0\"><span data-offset-key=\"bo7dt-0-0\">Diese Logfiles lassen keine R\u00fcckschl\u00fcsse auf eine bestimmte Person zu und beinhalten zB.:<\/span><\/div>\n<\/div>\n<ul class=\"public-DraftStyleDefault-ul\" data-offset-key=\"5h9k7-0-0\">\n<li class=\"RichTextEditor__block___2Vs_D public-DraftStyleDefault-unorderedListItem public-DraftStyleDefault-reset public-DraftStyleDefault-depth0 public-DraftStyleDefault-listLTR\" data-block=\"true\" data-editor=\"95vfd\" data-offset-key=\"5h9k7-0-0\">\n<div class=\"public-DraftStyleDefault-block public-DraftStyleDefault-ltr\" data-offset-key=\"5h9k7-0-0\"><span data-offset-key=\"5h9k7-0-0\">die verwendeten Browsertypen und Versionen,<\/span><\/div>\n<\/li>\n<li class=\"RichTextEditor__block___2Vs_D public-DraftStyleDefault-unorderedListItem public-DraftStyleDefault-depth0 public-DraftStyleDefault-listLTR\" data-block=\"true\" data-editor=\"95vfd\" data-offset-key=\"54csu-0-0\">\n<div class=\"public-DraftStyleDefault-block public-DraftStyleDefault-ltr\" data-offset-key=\"54csu-0-0\"><span data-offset-key=\"54csu-0-0\">das vom zugreifenden System verwendete Betriebssystem,<\/span><\/div>\n<\/li>\n<li class=\"RichTextEditor__block___2Vs_D public-DraftStyleDefault-unorderedListItem public-DraftStyleDefault-depth0 public-DraftStyleDefault-listLTR\" data-block=\"true\" data-editor=\"95vfd\" data-offset-key=\"8ulao-0-0\">\n<div class=\"public-DraftStyleDefault-block public-DraftStyleDefault-ltr\" data-offset-key=\"8ulao-0-0\"><span data-offset-key=\"8ulao-0-0\">die Internetseite, von welcher ein zugreifendes System auf diese Internetseite gelangt,<\/span><\/div>\n<\/li>\n<li class=\"RichTextEditor__block___2Vs_D public-DraftStyleDefault-unorderedListItem public-DraftStyleDefault-depth0 public-DraftStyleDefault-listLTR\" data-block=\"true\" data-editor=\"95vfd\" data-offset-key=\"fuoek-0-0\">\n<div class=\"public-DraftStyleDefault-block public-DraftStyleDefault-ltr\" data-offset-key=\"fuoek-0-0\"><span data-offset-key=\"fuoek-0-0\">die Unterwebseiten, welche \u00fcber ein zugreifendes System auf diese Internetseite angesteuert werden,<\/span><\/div>\n<\/li>\n<li class=\"RichTextEditor__block___2Vs_D public-DraftStyleDefault-unorderedListItem public-DraftStyleDefault-depth0 public-DraftStyleDefault-listLTR\" data-block=\"true\" data-editor=\"95vfd\" data-offset-key=\"4pr44-0-0\">\n<div class=\"public-DraftStyleDefault-block public-DraftStyleDefault-ltr\" data-offset-key=\"4pr44-0-0\"><span data-offset-key=\"4pr44-0-0\">das Datum und die Uhrzeit eines Zugriffs auf die Internetseite,<\/span><\/div>\n<\/li>\n<li class=\"RichTextEditor__block___2Vs_D public-DraftStyleDefault-unorderedListItem public-DraftStyleDefault-depth0 public-DraftStyleDefault-listLTR\" data-block=\"true\" data-editor=\"95vfd\" data-offset-key=\"8fr4v-0-0\">\n<div class=\"public-DraftStyleDefault-block public-DraftStyleDefault-ltr\" data-offset-key=\"8fr4v-0-0\"><span data-offset-key=\"8fr4v-0-0\">eine Internet-Protokoll-Adresse (IP-Adresse),<\/span><\/div>\n<\/li>\n<li class=\"RichTextEditor__block___2Vs_D public-DraftStyleDefault-unorderedListItem public-DraftStyleDefault-depth0 public-DraftStyleDefault-listLTR\" data-block=\"true\" data-editor=\"95vfd\" data-offset-key=\"fom0n-0-0\">\n<div class=\"public-DraftStyleDefault-block public-DraftStyleDefault-ltr\" data-offset-key=\"fom0n-0-0\"><span data-offset-key=\"fom0n-0-0\">der Internet-Service-Provider (ISP) des zugreifenden Systems und<\/span><\/div>\n<\/li>\n<li class=\"RichTextEditor__block___2Vs_D public-DraftStyleDefault-unorderedListItem public-DraftStyleDefault-depth0 public-DraftStyleDefault-listLTR\" data-block=\"true\" data-editor=\"95vfd\" data-offset-key=\"930di-0-0\">\n<div class=\"public-DraftStyleDefault-block public-DraftStyleDefault-ltr\" data-offset-key=\"930di-0-0\"><span data-offset-key=\"930di-0-0\">sonstige \u00a0\u00a0\u00e4hnliche Daten und Informationen, die der Gefahrenabwehr im Falle von \u00a0Angriffen auf die informationstechnologischen Systeme dienen.<\/span><\/div>\n<\/li>\n<\/ul>\n<div class=\"RichTextEditor__block___2Vs_D RichTextEditor__paragraph___3NTf9\" data-block=\"true\" data-editor=\"95vfd\" data-offset-key=\"bu2cr-0-0\">\n<div class=\"public-DraftStyleDefault-block public-DraftStyleDefault-ltr\" data-offset-key=\"bu2cr-0-0\"><span data-offset-key=\"bu2cr-0-0\">Diese Daten dienen ausschliesslich der Sicherheit und dem reibungslosen Betrieb der Webseite. Pers\u00f6nlich habe ich keine Einsicht in diese Daten, noch speichere ich solche Daten selber ab.<\/span><\/div>\n<div data-offset-key=\"bu2cr-0-0\"><\/div>\n<\/div>\n<div class=\"RichTextEditor__block___2Vs_D RichTextEditor__paragraph___3NTf9\" data-block=\"true\" data-editor=\"95vfd\" data-offset-key=\"chatt-0-0\">\n<div class=\"public-DraftStyleDefault-block public-DraftStyleDefault-ltr\" data-offset-key=\"chatt-0-0\"><span data-offset-key=\"chatt-0-0\"> Ihre Rechte:<\/span><\/div>\n<\/div>\n<div class=\"RichTextEditor__block___2Vs_D RichTextEditor__paragraph___3NTf9\" data-block=\"true\" data-editor=\"95vfd\" data-offset-key=\"ejdig-0-0\">\n<div class=\"public-DraftStyleDefault-block public-DraftStyleDefault-ltr\" data-offset-key=\"ejdig-0-0\"><span data-offset-key=\"ejdig-0-0\">Sie \u00a0haben das Recht, kostenlos Auskunft \u00fcber Ihre personenbezogenen Daten zu erhalten, sowie zu verlangen, dass diese (sofern sie nicht f\u00fcr einen noch nicht abgeschlossenen Verkauf ben\u00f6tigt werden) gel\u00f6scht werden. <\/span><\/div>\n<div data-offset-key=\"ejdig-0-0\"><\/div>\n<div class=\"public-DraftStyleDefault-block public-DraftStyleDefault-ltr\" data-offset-key=\"ejdig-0-0\"><span data-offset-key=\"ejdig-0-0\">F\u00fcr weitere Fragen kontaktieren Sie mich bitte unter: info[at]toepferei-lattner.ch\u00a0<\/span><\/div>\n<\/div>\n<\/div>\n","protected":false},"excerpt":{"rendered":"<p>toepferei-lattner.ch\/wordpress ist die Webseite (mit Blog und Informationen) von T\u00f6pferei Lattner kerashop.ch ist die Shopseite von T\u00f6pferei Lattner Verantwortlich f\u00fcr den Datenschutz ist Esther Lattner, G\u00fcterstr. 158, 4053 Basel\u00a0 Als \u00a0Betreiberin dieser Webseite sch\u00fctze ich Ihre Daten und erhebe keine automatischen, personenbezogenen Daten \u00fcber die Besucher der Webseite. Bei Bestellungen \u00fcber das Shopsystem (unter kerashop.ch) &hellip; <a href=\"https:\/\/toepferei-lattner.ch\/wordpress\/?page_id=894\" class=\"more-link\"><span class=\"screen-reader-text\">Datenschutzerkl\u00e4rung<\/span> weiterlesen<\/a><\/p>\n","protected":false},"author":1,"featured_media":0,"parent":0,"menu_order":0,"comment_status":"closed","ping_status":"closed","template":"","meta":{"footnotes":""},"class_list":["post-894","page","type-page","status-publish","hentry"],"_links":{"self":[{"href":"https:\/\/toepferei-lattner.ch\/wordpress\/index.php?rest_route=\/wp\/v2\/pages\/894","targetHints":{"allow":["GET"]}}],"collection":[{"href":"https:\/\/toepferei-lattner.ch\/wordpress\/index.php?rest_route=\/wp\/v2\/pages"}],"about":[{"href":"https:\/\/toepferei-lattner.ch\/wordpress\/index.php?rest_route=\/wp\/v2\/types\/page"}],"author":[{"embeddable":true,"href":"https:\/\/toepferei-lattner.ch\/wordpress\/index.php?rest_route=\/wp\/v2\/users\/1"}],"replies":[{"embeddable":true,"href":"https:\/\/toepferei-lattner.ch\/wordpress\/index.php?rest_route=%2Fwp%2Fv2%2Fcomments&post=894"}],"version-history":[{"count":5,"href":"https:\/\/toepferei-lattner.ch\/wordpress\/index.php?rest_route=\/wp\/v2\/pages\/894\/revisions"}],"predecessor-version":[{"id":899,"href":"https:\/\/toepferei-lattner.ch\/wordpress\/index.php?rest_route=\/wp\/v2\/pages\/894\/revisions\/899"}],"wp:attachment":[{"href":"https:\/\/toepferei-lattner.ch\/wordpress\/index.php?rest_route=%2Fwp%2Fv2%2Fmedia&parent=894"}],"curies":[{"name":"wp","href":"https:\/\/api.w.org\/{rel}","templated":true}]}}